{"id":144,"date":"2023-07-05T10:32:14","date_gmt":"2023-07-05T08:32:14","guid":{"rendered":"https:\/\/moeven-kantinen.de\/?page_id=144"},"modified":"2023-07-05T15:26:28","modified_gmt":"2023-07-05T13:26:28","slug":"impressum","status":"publish","type":"page","link":"https:\/\/moeven-kantinen.de\/?page_id=144","title":{"rendered":"Impressum"},"content":{"rendered":"<p>[et_pb_section fb_built=&#8220;1&#8243; _builder_version=&#8220;4.21.0&#8243; _module_preset=&#8220;default&#8220; global_colors_info=&#8220;{}&#8220; custom_padding=&#8220;100px||100px|||&#8220;][et_pb_row _builder_version=&#8220;4.21.0&#8243; _module_preset=&#8220;default&#8220; custom_padding=&#8220;0px||0px||false|false&#8220; global_colors_info=&#8220;{}&#8220; locked=&#8220;off&#8220;][et_pb_column type=&#8220;4_4&#8243; _builder_version=&#8220;4.21.0&#8243; _module_preset=&#8220;default&#8220; global_colors_info=&#8220;{}&#8220;][et_pb_text _builder_version=&#8220;4.21.0&#8243; _module_preset=&#8220;default&#8220; custom_margin=&#8220;||50px|||&#8220; custom_margin_tablet=&#8220;||30px||false|false&#8220; custom_margin_phone=&#8220;||30px||false|false&#8220; custom_margin_last_edited=&#8220;on|phone&#8220; header_font_size_tablet=&#8220;&#8220; header_font_size_phone=&#8220;34px&#8220; header_font_size_last_edited=&#8220;on|phone&#8220; global_colors_info=&#8220;{}&#8220;]<\/p>\n<h1><span class=\"et_pb_fullwidth_header_subhead et-fb-editable-element et-fb-editable-element__editing\" data-shortcode-id=\"0.0-1688465982823\" data-quickaccess-id=\"subhead\" contenteditable=\"true\">Impressum<\/span><\/h1>\n<p>[\/et_pb_text][et_pb_text _builder_version=&#8220;4.21.0&#8243; _module_preset=&#8220;default&#8220; text_orientation=&#8220;center&#8220; width=&#8220;70%&#8220; width_tablet=&#8220;100%&#8220; width_phone=&#8220;100%&#8220; width_last_edited=&#8220;on|phone&#8220; module_alignment=&#8220;center&#8220; text_font_size_tablet=&#8220;&#8220; text_font_size_phone=&#8220;&#8220; text_font_size_last_edited=&#8220;on|phone&#8220; header_font_size_tablet=&#8220;&#8220; header_font_size_phone=&#8220;34px&#8220; header_font_size_last_edited=&#8220;on|phone&#8220; global_colors_info=&#8220;{}&#8220;]<\/p>\n<p><strong>M\u00d6VEN-Kantinen Betriebsgesellschaft mbH<\/strong><br \/>Gesch\u00e4ftsf\u00fchrender Gesellschafter: J\u00f6rg Drews<\/p>\n<p>Registriert beim Amtsgericht Schwerin | HRB 3908<br \/>St.Nr. 090 114\/ 03279<\/p>\n<p>Handelsstra\u00dfe 3 | 19061 Schwerin<br \/>Tel.: 0385- 64 38 251 <br \/>E-Mail: info@moeven-kantinen.de<\/p>\n<p>[\/et_pb_text][\/et_pb_column][\/et_pb_row][\/et_pb_section]<\/p>\n","protected":false},"excerpt":{"rendered":"<p>ImpressumM\u00d6VEN-Kantinen Betriebsgesellschaft mbHGesch\u00e4ftsf\u00fchrender Gesellschafter: J\u00f6rg Drews Registriert beim Amtsgericht Schwerin | HRB 3908St.Nr. 090 114\/ 03279 Handelsstra\u00dfe 3 | 19061 SchwerinTel.: 0385- 64 38 251 E-Mail: info@moeven-kantinen.de<\/p>\n","protected":false},"author":4,"featured_media":0,"parent":0,"menu_order":0,"comment_status":"closed","ping_status":"closed","template":"","meta":{"_et_pb_use_builder":"on","_et_pb_old_content":"","_et_gb_content_width":"","footnotes":""},"class_list":["post-144","page","type-page","status-publish","hentry"],"_links":{"self":[{"href":"https:\/\/moeven-kantinen.de\/index.php?rest_route=\/wp\/v2\/pages\/144","targetHints":{"allow":["GET"]}}],"collection":[{"href":"https:\/\/moeven-kantinen.de\/index.php?rest_route=\/wp\/v2\/pages"}],"about":[{"href":"https:\/\/moeven-kantinen.de\/index.php?rest_route=\/wp\/v2\/types\/page"}],"author":[{"embeddable":true,"href":"https:\/\/moeven-kantinen.de\/index.php?rest_route=\/wp\/v2\/users\/4"}],"replies":[{"embeddable":true,"href":"https:\/\/moeven-kantinen.de\/index.php?rest_route=%2Fwp%2Fv2%2Fcomments&post=144"}],"version-history":[{"count":3,"href":"https:\/\/moeven-kantinen.de\/index.php?rest_route=\/wp\/v2\/pages\/144\/revisions"}],"predecessor-version":[{"id":232,"href":"https:\/\/moeven-kantinen.de\/index.php?rest_route=\/wp\/v2\/pages\/144\/revisions\/232"}],"wp:attachment":[{"href":"https:\/\/moeven-kantinen.de\/index.php?rest_route=%2Fwp%2Fv2%2Fmedia&parent=144"}],"curies":[{"name":"wp","href":"https:\/\/api.w.org\/{rel}","templated":true}]}}